{"id":11,"date":"2018-11-27T09:17:08","date_gmt":"2018-11-27T09:17:08","guid":{"rendered":"http:\/\/suboksidorenginiai.lt\/index.php\/about\/"},"modified":"2020-07-23T13:53:28","modified_gmt":"2020-07-23T13:53:28","slug":"apie-mus","status":"publish","type":"page","link":"http:\/\/suboksidorenginiai.lt\/index.php\/apie-mus\/","title":{"rendered":"apie mus"},"content":{"rendered":"\t\t<div data-elementor-type=\"wp-post\" data-elementor-id=\"11\" class=\"elementor elementor-11\">\n\t\t\t\t\t\t<section class=\"elementor-section elementor-top-section elementor-element elementor-element-d7d8b56 elementor-section-boxed elementor-section-height-default elementor-section-height-default\" data-id=\"d7d8b56\" data-element_type=\"section\" data-settings=\"{&quot;background_background&quot;:&quot;classic&quot;}\">\n\t\t\t\t\t\t\t<div class=\"elementor-background-overlay\"><\/div>\n\t\t\t\t\t\t\t<div class=\"elementor-container elementor-column-gap-default\">\n\t\t\t\t\t<div class=\"elementor-column elementor-col-33 elementor-top-column elementor-element elementor-element-b3d335b\" data-id=\"b3d335b\" data-element_type=\"column\">\n\t\t\t<div class=\"elementor-widget-wrap\">\n\t\t\t\t\t\t\t<\/div>\n\t\t<\/div>\n\t\t\t\t<div class=\"elementor-column elementor-col-33 elementor-top-column elementor-element elementor-element-fd69444\" data-id=\"fd69444\" data-element_type=\"column\">\n\t\t\t<div class=\"elementor-widget-wrap elementor-element-populated\">\n\t\t\t\t\t\t<div class=\"elementor-element elementor-element-abcc2f2 elementor-widget elementor-widget-heading\" data-id=\"abcc2f2\" data-element_type=\"widget\" data-widget_type=\"heading.default\">\n\t\t\t\t<div class=\"elementor-widget-container\">\n\t\t\t<h1 class=\"elementor-heading-title elementor-size-default\">Apie mus<\/h1>\t\t<\/div>\n\t\t\t\t<\/div>\n\t\t\t\t\t<\/div>\n\t\t<\/div>\n\t\t\t\t<div class=\"elementor-column elementor-col-33 elementor-top-column elementor-element elementor-element-674669b\" data-id=\"674669b\" data-element_type=\"column\">\n\t\t\t<div class=\"elementor-widget-wrap\">\n\t\t\t\t\t\t\t<\/div>\n\t\t<\/div>\n\t\t\t\t\t<\/div>\n\t\t<\/section>\n\t\t\t\t<section class=\"elementor-section elementor-top-section elementor-element elementor-element-5c40d7b elementor-section-boxed elementor-section-height-default elementor-section-height-default\" data-id=\"5c40d7b\" data-element_type=\"section\">\n\t\t\t\t\t\t<div class=\"elementor-container elementor-column-gap-default\">\n\t\t\t\t\t<div class=\"elementor-column elementor-col-50 elementor-top-column elementor-element elementor-element-2ebbf9c\" data-id=\"2ebbf9c\" data-element_type=\"column\">\n\t\t\t<div class=\"elementor-widget-wrap elementor-element-populated\">\n\t\t\t\t\t\t<div class=\"elementor-element elementor-element-fe195c7 elementor-widget elementor-widget-heading\" data-id=\"fe195c7\" data-element_type=\"widget\" data-widget_type=\"heading.default\">\n\t\t\t\t<div class=\"elementor-widget-container\">\n\t\t\t<h2 class=\"elementor-heading-title elementor-size-default\">Apie mus<\/h2>\t\t<\/div>\n\t\t\t\t<\/div>\n\t\t\t\t<div class=\"elementor-element elementor-element-dc051dd elementor-widget-divider--view-line elementor-widget elementor-widget-divider\" data-id=\"dc051dd\" data-element_type=\"widget\" data-widget_type=\"divider.default\">\n\t\t\t\t<div class=\"elementor-widget-container\">\n\t\t\t\t\t<div class=\"elementor-divider\">\n\t\t\t<span class=\"elementor-divider-separator\">\n\t\t\t\t\t\t<\/span>\n\t\t<\/div>\n\t\t\t\t<\/div>\n\t\t\t\t<\/div>\n\t\t\t\t<div class=\"elementor-element elementor-element-e5f497e elementor-widget elementor-widget-text-editor\" data-id=\"e5f497e\" data-element_type=\"widget\" data-widget_type=\"text-editor.default\">\n\t\t\t\t<div class=\"elementor-widget-container\">\n\t\t\t\t\t\t\t<p><strong>Mes keliaujame atradim\u0173 link, prisijunk ir tu!<\/strong><\/p>\n<p>Dalinam\u0117s kelioni\u0173 bekele patirtimi su jumis. Organizuojame pastovias ekspedicijas. Rengiame 4&#215;4 pramogas privatiems vakar\u0117liams, \u012fmon\u0117ms, autoklubams.<\/p>\t\t\t\t\t\t<\/div>\n\t\t\t\t<\/div>\n\t\t\t\t\t<\/div>\n\t\t<\/div>\n\t\t\t\t<div class=\"elementor-column elementor-col-50 elementor-top-column elementor-element elementor-element-e5fdae0\" data-id=\"e5fdae0\" data-element_type=\"column\">\n\t\t\t<div class=\"elementor-widget-wrap elementor-element-populated\">\n\t\t\t\t\t\t<div class=\"elementor-element elementor-element-96b5b53 elementor-widget elementor-widget-image\" data-id=\"96b5b53\" data-element_type=\"widget\" data-widget_type=\"image.default\">\n\t\t\t\t<div class=\"elementor-widget-container\">\n\t\t\t\t\t\t\t\t\t\t\t\t\t<img fetchpriority=\"high\" decoding=\"async\" width=\"614\" height=\"406\" src=\"http:\/\/suboksidorenginiai.lt\/wp-content\/uploads\/2020\/07\/sumazinta-kokybe.jpg\" class=\"attachment-full size-full wp-image-577\" alt=\"\" srcset=\"http:\/\/suboksidorenginiai.lt\/wp-content\/uploads\/2020\/07\/sumazinta-kokybe.jpg 614w, http:\/\/suboksidorenginiai.lt\/wp-content\/uploads\/2020\/07\/sumazinta-kokybe-300x198.jpg 300w\" sizes=\"(max-width: 614px) 100vw, 614px\" \/>\t\t\t\t\t\t\t\t\t\t\t\t\t<\/div>\n\t\t\t\t<\/div>\n\t\t\t\t\t<\/div>\n\t\t<\/div>\n\t\t\t\t\t<\/div>\n\t\t<\/section>\n\t\t\t\t<section class=\"elementor-section elementor-top-section elementor-element elementor-element-e90a943 elementor-section-boxed elementor-section-height-default elementor-section-height-default\" data-id=\"e90a943\" data-element_type=\"section\">\n\t\t\t\t\t\t<div class=\"elementor-container elementor-column-gap-default\">\n\t\t\t\t\t<div class=\"elementor-column elementor-col-50 elementor-top-column elementor-element elementor-element-2126f92\" data-id=\"2126f92\" data-element_type=\"column\">\n\t\t\t<div class=\"elementor-widget-wrap elementor-element-populated\">\n\t\t\t\t\t\t<div class=\"elementor-element elementor-element-43a347a elementor-widget elementor-widget-heading\" data-id=\"43a347a\" data-element_type=\"widget\" data-widget_type=\"heading.default\">\n\t\t\t\t<div class=\"elementor-widget-container\">\n\t\t\t<h4 class=\"elementor-heading-title elementor-size-default\">I\u0161skirtinumas ir vertyb\u0117s<\/h4>\t\t<\/div>\n\t\t\t\t<\/div>\n\t\t\t\t<div class=\"elementor-element elementor-element-7818b1a elementor-widget-divider--view-line elementor-widget elementor-widget-divider\" data-id=\"7818b1a\" data-element_type=\"widget\" data-widget_type=\"divider.default\">\n\t\t\t\t<div class=\"elementor-widget-container\">\n\t\t\t\t\t<div class=\"elementor-divider\">\n\t\t\t<span class=\"elementor-divider-separator\">\n\t\t\t\t\t\t<\/span>\n\t\t<\/div>\n\t\t\t\t<\/div>\n\t\t\t\t<\/div>\n\t\t\t\t<div class=\"elementor-element elementor-element-d8f9f49 elementor-widget elementor-widget-text-editor\" data-id=\"d8f9f49\" data-element_type=\"widget\" data-widget_type=\"text-editor.default\">\n\t\t\t\t<div class=\"elementor-widget-container\">\n\t\t\t\t\t\t\t<ul><li>Esame jaunatvi\u0161ka ir ver\u017eli komanda, i\u0161siskiriam netradiciniu po\u017ei\u016briu \u012f bekel\u0119 ir 4&#215;4 renginiams naudojame bekel\u0117j ruo\u0161tus Subaru automobilius.<\/li><\/ul>\t\t\t\t\t\t<\/div>\n\t\t\t\t<\/div>\n\t\t\t\t<div class=\"elementor-element elementor-element-9e54541 elementor-widget elementor-widget-text-editor\" data-id=\"9e54541\" data-element_type=\"widget\" data-widget_type=\"text-editor.default\">\n\t\t\t\t<div class=\"elementor-widget-container\">\n\t\t\t\t\t\t\t<ul>\n<li>Esame lankst\u016bs, tad atsi\u017evelgiame \u012f kiekvieno kliento poreikius ir visada atrandame bendr\u0105 sutarim\u0105.<br><\/li>\n<\/ul>\t\t\t\t\t\t<\/div>\n\t\t\t\t<\/div>\n\t\t\t\t\t<\/div>\n\t\t<\/div>\n\t\t\t\t<div class=\"elementor-column elementor-col-50 elementor-top-column elementor-element elementor-element-e03a328\" data-id=\"e03a328\" data-element_type=\"column\">\n\t\t\t<div class=\"elementor-widget-wrap elementor-element-populated\">\n\t\t\t\t\t\t<div class=\"elementor-element elementor-element-c20c6fd elementor-widget elementor-widget-image\" data-id=\"c20c6fd\" data-element_type=\"widget\" data-widget_type=\"image.default\">\n\t\t\t\t<div class=\"elementor-widget-container\">\n\t\t\t\t\t\t\t\t\t\t\t\t\t<img decoding=\"async\" width=\"1024\" height=\"678\" data-src=\"http:\/\/suboksidorenginiai.lt\/wp-content\/uploads\/2020\/07\/109922445_729873387788989_2775055947974455188_o-1024x678.jpg\" class=\"attachment-large size-large wp-image-576 lazyload\" alt=\"\" data-srcset=\"http:\/\/suboksidorenginiai.lt\/wp-content\/uploads\/2020\/07\/109922445_729873387788989_2775055947974455188_o-1024x678.jpg 1024w, http:\/\/suboksidorenginiai.lt\/wp-content\/uploads\/2020\/07\/109922445_729873387788989_2775055947974455188_o-300x199.jpg 300w, http:\/\/suboksidorenginiai.lt\/wp-content\/uploads\/2020\/07\/109922445_729873387788989_2775055947974455188_o-768x509.jpg 768w, http:\/\/suboksidorenginiai.lt\/wp-content\/uploads\/2020\/07\/109922445_729873387788989_2775055947974455188_o-1536x1017.jpg 1536w, http:\/\/suboksidorenginiai.lt\/wp-content\/uploads\/2020\/07\/109922445_729873387788989_2775055947974455188_o.jpg 1848w\" data-sizes=\"(max-width: 1024px) 100vw, 1024px\" src=\"data:image\/gif;base64,R0lGODlhAQABAAAAACH5BAEKAAEALAAAAAABAAEAAAICTAEAOw==\" style=\"--smush-placeholder-width: 1024px; --smush-placeholder-aspect-ratio: 1024\/678;\" \/><noscript><img decoding=\"async\" width=\"1024\" height=\"678\" src=\"http:\/\/suboksidorenginiai.lt\/wp-content\/uploads\/2020\/07\/109922445_729873387788989_2775055947974455188_o-1024x678.jpg\" class=\"attachment-large size-large wp-image-576\" alt=\"\" srcset=\"http:\/\/suboksidorenginiai.lt\/wp-content\/uploads\/2020\/07\/109922445_729873387788989_2775055947974455188_o-1024x678.jpg 1024w, http:\/\/suboksidorenginiai.lt\/wp-content\/uploads\/2020\/07\/109922445_729873387788989_2775055947974455188_o-300x199.jpg 300w, http:\/\/suboksidorenginiai.lt\/wp-content\/uploads\/2020\/07\/109922445_729873387788989_2775055947974455188_o-768x509.jpg 768w, http:\/\/suboksidorenginiai.lt\/wp-content\/uploads\/2020\/07\/109922445_729873387788989_2775055947974455188_o-1536x1017.jpg 1536w, http:\/\/suboksidorenginiai.lt\/wp-content\/uploads\/2020\/07\/109922445_729873387788989_2775055947974455188_o.jpg 1848w\" sizes=\"(max-width: 1024px) 100vw, 1024px\" \/><\/noscript>\t\t\t\t\t\t\t\t\t\t\t\t\t<\/div>\n\t\t\t\t<\/div>\n\t\t\t\t\t<\/div>\n\t\t<\/div>\n\t\t\t\t\t<\/div>\n\t\t<\/section>\n\t\t\t\t<section class=\"elementor-section elementor-top-section elementor-element elementor-element-99583fe elementor-section-boxed elementor-section-height-default elementor-section-height-default\" data-id=\"99583fe\" data-element_type=\"section\">\n\t\t\t\t\t\t<div class=\"elementor-container elementor-column-gap-default\">\n\t\t\t\t\t<div class=\"elementor-column elementor-col-100 elementor-top-column elementor-element elementor-element-717e7df\" data-id=\"717e7df\" data-element_type=\"column\">\n\t\t\t<div class=\"elementor-widget-wrap\">\n\t\t\t\t\t\t\t<\/div>\n\t\t<\/div>\n\t\t\t\t\t<\/div>\n\t\t<\/section>\n\t\t\t\t<\/div>\n\t\t","protected":false},"excerpt":{"rendered":"<p>Apie mus Apie mus Mes keliaujame atradim\u0173 link, prisijunk ir tu! Dalinam\u0117s kelioni\u0173 bekele patirtimi su jumis. Organizuojame pastovias ekspedicijas. Rengiame 4&#215;4 pramogas privatiems vakar\u0117liams, \u012fmon\u0117ms, autoklubams. I\u0161skirtinumas ir vertyb\u0117s Esame jaunatvi\u0161ka ir ver\u017eli komanda, i\u0161siskiriam netradiciniu po\u017ei\u016briu \u012f bekel\u0119 ir 4&#215;4 renginiams naudojame bekel\u0117j ruo\u0161tus Subaru automobilius. Esame lankst\u016bs, tad atsi\u017evelgiame \u012f kiekvieno kliento &hellip;<\/p>\n<p class=\"read-more\"> <a class=\"\" href=\"http:\/\/suboksidorenginiai.lt\/index.php\/apie-mus\/\"> <span class=\"screen-reader-text\">apie mus<\/span> Read More &raquo;<\/a><\/p>\n","protected":false},"author":1,"featured_media":0,"parent":0,"menu_order":0,"comment_status":"closed","ping_status":"closed","template":"","meta":{"footnotes":""},"class_list":["post-11","page","type-page","status-publish","hentry"],"_links":{"self":[{"href":"http:\/\/suboksidorenginiai.lt\/index.php\/wp-json\/wp\/v2\/pages\/11","targetHints":{"allow":["GET"]}}],"collection":[{"href":"http:\/\/suboksidorenginiai.lt\/index.php\/wp-json\/wp\/v2\/pages"}],"about":[{"href":"http:\/\/suboksidorenginiai.lt\/index.php\/wp-json\/wp\/v2\/types\/page"}],"author":[{"embeddable":true,"href":"http:\/\/suboksidorenginiai.lt\/index.php\/wp-json\/wp\/v2\/users\/1"}],"replies":[{"embeddable":true,"href":"http:\/\/suboksidorenginiai.lt\/index.php\/wp-json\/wp\/v2\/comments?post=11"}],"version-history":[{"count":6,"href":"http:\/\/suboksidorenginiai.lt\/index.php\/wp-json\/wp\/v2\/pages\/11\/revisions"}],"predecessor-version":[{"id":607,"href":"http:\/\/suboksidorenginiai.lt\/index.php\/wp-json\/wp\/v2\/pages\/11\/revisions\/607"}],"wp:attachment":[{"href":"http:\/\/suboksidorenginiai.lt\/index.php\/wp-json\/wp\/v2\/media?parent=11"}],"curies":[{"name":"wp","href":"https:\/\/api.w.org\/{rel}","templated":true}]}}